{"id":791,"date":"2024-09-17T05:09:07","date_gmt":"2024-09-17T05:09:07","guid":{"rendered":"https:\/\/theblackmoon.cl\/?post_type=product&#038;p=791"},"modified":"2024-09-17T05:18:28","modified_gmt":"2024-09-17T05:18:28","slug":"reloj-jack-skellington-el-extrano-mundo-de-jack","status":"publish","type":"product","link":"https:\/\/theblackmoon.cl\/index.php\/product\/reloj-jack-skellington-el-extrano-mundo-de-jack\/","title":{"rendered":"Reloj Jack Skellington, el extra\u00f1o mundo de Jack"},"content":{"rendered":"<h5>Reloj Jack Skellington, el extra\u00f1o mundo de Jack<\/h5>\n<p>&nbsp;<\/p>\n<ul>\n<li>El reloj de bolsillo presenta un dise\u00f1o inspirado en el personaje Jack Skellington de la pel\u00edcula \u00abThe Nightmare Before Christmas\u00bb de Tim Burton.<\/li>\n<li>Con una forma cl\u00e1sica y redonda, parece estar hecho de un metal oscuro, posiblemente negro.<\/li>\n<li>Incluye una cadena corta en la parte superior, com\u00fan en los relojes de bolsillo tradicionales, que permite sujetar el reloj a la ropa o a una cadena de reloj de bolsillo.<\/li>\n<\/ul>\n<p>La caracter\u00edstica m\u00e1s distintiva es la cara del reloj, que muestra una ilustraci\u00f3n estilizada del rostro de Jack\u00a0 Sus ojos y boca est\u00e1n prominentemente mostrados en blanco, contrastando con el fondo negro, y su sonrisa esquel\u00e9tica es inconfundible. Encima de la ilustraci\u00f3n se encuentra el texto \u00abThe Nightmare Before Christmas\u00bb en una fuente caprichosa y g\u00f3tica que se ajusta al tema de la pel\u00edcula.<\/p>\n<p>El reloj tiene agujas anal\u00f3gicas tradicionales para horas, minutos y segundos, todas en color plateado o blanco que resaltan sobre el fondo oscuro. Las horas est\u00e1n indicadas por n\u00fameros en una fuente que coincide con la est\u00e9tica de la pel\u00edcula, con la posici\u00f3n de las 12 reemplazada por el rostro de Jack<\/p>\n<p>El bisel del reloj es ornamentado, con dise\u00f1os intrincados que sugieren una influencia victoriana o g\u00f3tica, en sinton\u00eda con la est\u00e9tica de la pel\u00edcula. La corona de cuerda en la parte superior del reloj tambi\u00e9n est\u00e1 detallada y se ajusta al estilo general de la pieza.<\/p>\n<h4>4 modelos a elecci\u00f3n<\/h4>\n<p>Puedes elegir los cuatro modelos que tenemos a la venta, en las im\u00e1genes se pueden apreciar como lucen por dentro y por fuera<\/p>\n<p>Recuerda revisar nuestro cuatro modelos de reloj Jack Skellington<\/p>\n<h5>Puedes visitarnos en nuestra tienda en Instagram <a href=\"https:\/\/www.instagram.com\/theblackmoonsanjose\/\">https:\/\/www.instagram.com\/theblackmoonsanjose\/<\/a><\/h5>\n<p>Te dejamos el enlace de este producto\u00a0 para que los puedas compartir\u00a0 <a href=\"https:\/\/apoyostva.cl\/index.php\/product\/reloj-jack-skellington-el-extrano-mundo-de-jack\/\">https:\/\/apoyostva.cl\/index.php\/product\/reloj-jack-skellington-el-extrano-mundo-de-jack\/<\/a><\/p>\n","protected":false},"excerpt":{"rendered":"<p>Reloj de Jack Skellington, el extra\u00f1o mundo de Jack, hermoso y exclusivos, de un material pl\u00e1stico muy resistente con todos sus amigos<\/p>\n","protected":false},"featured_media":418,"comment_status":"open","ping_status":"closed","template":"","meta":{"_acf_changed":false},"product_brand":[],"product_cat":[30,34,51],"product_tag":[46,48],"class_list":{"0":"post-791","1":"product","2":"type-product","3":"status-publish","4":"has-post-thumbnail","6":"product_cat-accesorios","7":"product_cat-jack-skellingtoon","8":"product_cat-pulsera","9":"product_tag-gptico","10":"product_tag-jack-skellington","12":"first","13":"instock","14":"shipping-taxable","15":"purchasable","16":"product-type-simple"},"acf":[],"yoast_head":"<!-- This site is optimized with the Yoast SEO Premium plugin v22.0 (Yoast SEO v26.9) - https:\/\/yoast.com\/product\/yoast-seo-premium-wordpress\/ -->\n<title>Reloj Jack Skellington, el extra\u00f1o mundo de Jack<\/title>\n<meta name=\"description\" content=\"Reloj de Jack Skellington, el extra\u00f1o mundo de Jack, hermoso y exclusivos, de un material pl\u00e1stico muy resistente con todos sus amigos\" \/>\n<meta name=\"robots\" content=\"index, follow, max-snippet:-1, max-image-preview:large, max-video-preview:-1\" \/>\n<link rel=\"canonical\" href=\"https:\/\/theblackmoon.cl\/index.php\/product\/reloj-jack-skellington-el-extrano-mundo-de-jack\/\" \/>\n<meta property=\"og:locale\" content=\"es_ES\" \/>\n<meta property=\"og:type\" content=\"article\" \/>\n<meta property=\"og:title\" content=\"Reloj Jack Skellington, el extra\u00f1o mundo de Jack\" \/>\n<meta property=\"og:description\" content=\"Reloj de Jack Skellington, el extra\u00f1o mundo de Jack, hermoso y exclusivos, de un material pl\u00e1stico muy resistente con todos sus amigos\" \/>\n<meta property=\"og:url\" content=\"https:\/\/theblackmoon.cl\/index.php\/product\/reloj-jack-skellington-el-extrano-mundo-de-jack\/\" \/>\n<meta property=\"og:site_name\" content=\"Tienda Gotica\" \/>\n<meta property=\"article:modified_time\" content=\"2024-09-17T05:18:28+00:00\" \/>\n<meta property=\"og:image\" content=\"https:\/\/theblackmoon.cl\/wp-content\/uploads\/2020\/09\/Relojes.jpg\" \/>\n\t<meta property=\"og:image:width\" content=\"559\" \/>\n\t<meta property=\"og:image:height\" content=\"544\" \/>\n\t<meta property=\"og:image:type\" content=\"image\/jpeg\" \/>\n<meta name=\"twitter:card\" content=\"summary_large_image\" \/>\n<meta name=\"twitter:label1\" content=\"Precio\" \/>\n\t<meta name=\"twitter:data1\" content=\"&#036;9.990\" \/>\n\t<meta name=\"twitter:label2\" content=\"Disponibilidad\" \/>\n\t<meta name=\"twitter:data2\" content=\"Disponible\" \/>\n<script type=\"application\/ld+json\" class=\"yoast-schema-graph\">{\"@context\":\"https:\/\/schema.org\",\"@graph\":[{\"@type\":\"WebPage\",\"@id\":\"https:\/\/theblackmoon.cl\/index.php\/product\/reloj-jack-skellington-el-extrano-mundo-de-jack\/\",\"url\":\"https:\/\/theblackmoon.cl\/index.php\/product\/reloj-jack-skellington-el-extrano-mundo-de-jack\/\",\"name\":\"Reloj Jack Skellington, el extra\u00f1o mundo de Jack\",\"isPartOf\":{\"@id\":\"https:\/\/theblackmoon.cl\/#website\"},\"primaryImageOfPage\":{\"@id\":\"https:\/\/theblackmoon.cl\/index.php\/product\/reloj-jack-skellington-el-extrano-mundo-de-jack\/#primaryimage\"},\"image\":{\"@id\":\"https:\/\/theblackmoon.cl\/index.php\/product\/reloj-jack-skellington-el-extrano-mundo-de-jack\/#primaryimage\"},\"thumbnailUrl\":\"https:\/\/theblackmoon.cl\/wp-content\/uploads\/2020\/09\/Relojes.jpg\",\"datePublished\":\"2024-09-17T05:09:07+00:00\",\"dateModified\":\"2024-09-17T05:18:28+00:00\",\"description\":\"Reloj de Jack Skellington, el extra\u00f1o mundo de Jack, hermoso y exclusivos, de un material pl\u00e1stico muy resistente con todos sus amigos\",\"breadcrumb\":{\"@id\":\"https:\/\/theblackmoon.cl\/index.php\/product\/reloj-jack-skellington-el-extrano-mundo-de-jack\/#breadcrumb\"},\"inLanguage\":\"es\",\"potentialAction\":[{\"@type\":\"ReadAction\",\"target\":[\"https:\/\/theblackmoon.cl\/index.php\/product\/reloj-jack-skellington-el-extrano-mundo-de-jack\/\"]}]},{\"@type\":\"ImageObject\",\"inLanguage\":\"es\",\"@id\":\"https:\/\/theblackmoon.cl\/index.php\/product\/reloj-jack-skellington-el-extrano-mundo-de-jack\/#primaryimage\",\"url\":\"https:\/\/theblackmoon.cl\/wp-content\/uploads\/2020\/09\/Relojes.jpg\",\"contentUrl\":\"https:\/\/theblackmoon.cl\/wp-content\/uploads\/2020\/09\/Relojes.jpg\",\"width\":559,\"height\":544,\"caption\":\"Relojes g\u00f3tico jack skellington\"},{\"@type\":\"BreadcrumbList\",\"@id\":\"https:\/\/theblackmoon.cl\/index.php\/product\/reloj-jack-skellington-el-extrano-mundo-de-jack\/#breadcrumb\",\"itemListElement\":[{\"@type\":\"ListItem\",\"position\":1,\"name\":\"Portada\",\"item\":\"https:\/\/theblackmoon.cl\/\"},{\"@type\":\"ListItem\",\"position\":2,\"name\":\"Shop\",\"item\":\"https:\/\/theblackmoon.cl\/index.php\/shop\/\"},{\"@type\":\"ListItem\",\"position\":3,\"name\":\"Reloj Jack Skellington, el extra\u00f1o mundo de Jack\"}]},{\"@type\":\"WebSite\",\"@id\":\"https:\/\/theblackmoon.cl\/#website\",\"url\":\"https:\/\/theblackmoon.cl\/\",\"name\":\"Tienda Gotica\",\"description\":\"Tienda g\u00f3tica, calaveras, ropa y accesorios g\u00f3tico\",\"alternateName\":\"Tienda g\u00f3tica, calaveras, ropa y accesorios g\u00f3tico\",\"potentialAction\":[{\"@type\":\"SearchAction\",\"target\":{\"@type\":\"EntryPoint\",\"urlTemplate\":\"https:\/\/theblackmoon.cl\/?s={search_term_string}\"},\"query-input\":{\"@type\":\"PropertyValueSpecification\",\"valueRequired\":true,\"valueName\":\"search_term_string\"}}],\"inLanguage\":\"es\"}]}<\/script>\n<meta property=\"product:price:amount\" content=\"9990\" \/>\n<meta property=\"product:price:currency\" content=\"CLP\" \/>\n<meta property=\"og:availability\" content=\"instock\" \/>\n<meta property=\"product:availability\" content=\"instock\" \/>\n<meta property=\"product:retailer_item_id\" content=\"3616398486394-9-1-2-1-1-1-1-1-1\" \/>\n<meta property=\"product:condition\" content=\"new\" \/>\n<!-- \/ Yoast SEO Premium plugin. -->","yoast_head_json":{"title":"Reloj Jack Skellington, el extra\u00f1o mundo de Jack","description":"Reloj de Jack Skellington, el extra\u00f1o mundo de Jack, hermoso y exclusivos, de un material pl\u00e1stico muy resistente con todos sus amigos","robots":{"index":"index","follow":"follow","max-snippet":"max-snippet:-1","max-image-preview":"max-image-preview:large","max-video-preview":"max-video-preview:-1"},"canonical":"https:\/\/theblackmoon.cl\/index.php\/product\/reloj-jack-skellington-el-extrano-mundo-de-jack\/","og_locale":"es_ES","og_type":"article","og_title":"Reloj Jack Skellington, el extra\u00f1o mundo de Jack","og_description":"Reloj de Jack Skellington, el extra\u00f1o mundo de Jack, hermoso y exclusivos, de un material pl\u00e1stico muy resistente con todos sus amigos","og_url":"https:\/\/theblackmoon.cl\/index.php\/product\/reloj-jack-skellington-el-extrano-mundo-de-jack\/","og_site_name":"Tienda Gotica","article_modified_time":"2024-09-17T05:18:28+00:00","og_image":[{"width":559,"height":544,"url":"https:\/\/theblackmoon.cl\/wp-content\/uploads\/2020\/09\/Relojes.jpg","type":"image\/jpeg"}],"twitter_card":"summary_large_image","twitter_misc":{"Precio":"&#36;9.990","Disponibilidad":"Disponible"},"schema":{"@context":"https:\/\/schema.org","@graph":[{"@type":"WebPage","@id":"https:\/\/theblackmoon.cl\/index.php\/product\/reloj-jack-skellington-el-extrano-mundo-de-jack\/","url":"https:\/\/theblackmoon.cl\/index.php\/product\/reloj-jack-skellington-el-extrano-mundo-de-jack\/","name":"Reloj Jack Skellington, el extra\u00f1o mundo de Jack","isPartOf":{"@id":"https:\/\/theblackmoon.cl\/#website"},"primaryImageOfPage":{"@id":"https:\/\/theblackmoon.cl\/index.php\/product\/reloj-jack-skellington-el-extrano-mundo-de-jack\/#primaryimage"},"image":{"@id":"https:\/\/theblackmoon.cl\/index.php\/product\/reloj-jack-skellington-el-extrano-mundo-de-jack\/#primaryimage"},"thumbnailUrl":"https:\/\/theblackmoon.cl\/wp-content\/uploads\/2020\/09\/Relojes.jpg","datePublished":"2024-09-17T05:09:07+00:00","dateModified":"2024-09-17T05:18:28+00:00","description":"Reloj de Jack Skellington, el extra\u00f1o mundo de Jack, hermoso y exclusivos, de un material pl\u00e1stico muy resistente con todos sus amigos","breadcrumb":{"@id":"https:\/\/theblackmoon.cl\/index.php\/product\/reloj-jack-skellington-el-extrano-mundo-de-jack\/#breadcrumb"},"inLanguage":"es","potentialAction":[{"@type":"ReadAction","target":["https:\/\/theblackmoon.cl\/index.php\/product\/reloj-jack-skellington-el-extrano-mundo-de-jack\/"]}]},{"@type":"ImageObject","inLanguage":"es","@id":"https:\/\/theblackmoon.cl\/index.php\/product\/reloj-jack-skellington-el-extrano-mundo-de-jack\/#primaryimage","url":"https:\/\/theblackmoon.cl\/wp-content\/uploads\/2020\/09\/Relojes.jpg","contentUrl":"https:\/\/theblackmoon.cl\/wp-content\/uploads\/2020\/09\/Relojes.jpg","width":559,"height":544,"caption":"Relojes g\u00f3tico jack skellington"},{"@type":"BreadcrumbList","@id":"https:\/\/theblackmoon.cl\/index.php\/product\/reloj-jack-skellington-el-extrano-mundo-de-jack\/#breadcrumb","itemListElement":[{"@type":"ListItem","position":1,"name":"Portada","item":"https:\/\/theblackmoon.cl\/"},{"@type":"ListItem","position":2,"name":"Shop","item":"https:\/\/theblackmoon.cl\/index.php\/shop\/"},{"@type":"ListItem","position":3,"name":"Reloj Jack Skellington, el extra\u00f1o mundo de Jack"}]},{"@type":"WebSite","@id":"https:\/\/theblackmoon.cl\/#website","url":"https:\/\/theblackmoon.cl\/","name":"Tienda Gotica","description":"Tienda g\u00f3tica, calaveras, ropa y accesorios g\u00f3tico","alternateName":"Tienda g\u00f3tica, calaveras, ropa y accesorios g\u00f3tico","potentialAction":[{"@type":"SearchAction","target":{"@type":"EntryPoint","urlTemplate":"https:\/\/theblackmoon.cl\/?s={search_term_string}"},"query-input":{"@type":"PropertyValueSpecification","valueRequired":true,"valueName":"search_term_string"}}],"inLanguage":"es"}]},"product_price_amount":"9990","product_price_currency":"CLP","og_availability":"instock","product_availability":"instock","product_retailer_item_id":"3616398486394-9-1-2-1-1-1-1-1-1","product_condition":"new"},"_links":{"self":[{"href":"https:\/\/theblackmoon.cl\/index.php\/wp-json\/wp\/v2\/product\/791","targetHints":{"allow":["GET"]}}],"collection":[{"href":"https:\/\/theblackmoon.cl\/index.php\/wp-json\/wp\/v2\/product"}],"about":[{"href":"https:\/\/theblackmoon.cl\/index.php\/wp-json\/wp\/v2\/types\/product"}],"replies":[{"embeddable":true,"href":"https:\/\/theblackmoon.cl\/index.php\/wp-json\/wp\/v2\/comments?post=791"}],"wp:featuredmedia":[{"embeddable":true,"href":"https:\/\/theblackmoon.cl\/index.php\/wp-json\/wp\/v2\/media\/418"}],"wp:attachment":[{"href":"https:\/\/theblackmoon.cl\/index.php\/wp-json\/wp\/v2\/media?parent=791"}],"wp:term":[{"taxonomy":"product_brand","embeddable":true,"href":"https:\/\/theblackmoon.cl\/index.php\/wp-json\/wp\/v2\/product_brand?post=791"},{"taxonomy":"product_cat","embeddable":true,"href":"https:\/\/theblackmoon.cl\/index.php\/wp-json\/wp\/v2\/product_cat?post=791"},{"taxonomy":"product_tag","embeddable":true,"href":"https:\/\/theblackmoon.cl\/index.php\/wp-json\/wp\/v2\/product_tag?post=791"}],"curies":[{"name":"wp","href":"https:\/\/api.w.org\/{rel}","templated":true}]}}