{"id":145,"date":"2020-09-27T08:59:50","date_gmt":"2020-09-27T08:59:50","guid":{"rendered":"https:\/\/jupiterx.artbees.net\/denim-shop\/?page_id=145"},"modified":"2020-09-27T08:59:50","modified_gmt":"2020-09-27T08:59:50","slug":"cart-page","status":"publish","type":"page","link":"https:\/\/theblackmoon.cl\/index.php\/cart-page\/","title":{"rendered":"Cart Page"},"content":{"rendered":"\n\n","protected":false},"excerpt":{"rendered":"","protected":false},"author":1,"featured_media":0,"parent":0,"menu_order":0,"comment_status":"closed","ping_status":"closed","template":"","meta":{"_acf_changed":false,"footnotes":""},"class_list":["post-145","page","type-page","status-publish","hentry"],"acf":[],"yoast_head":"<!-- This site is optimized with the Yoast SEO Premium plugin v22.0 (Yoast SEO v26.9) - https:\/\/yoast.com\/product\/yoast-seo-premium-wordpress\/ -->\n<title>Denim Shop - Jupiter X Templates<\/title>\n<meta name=\"description\" content=\"With a stunning design to showcase goods, Jupiter X WP Theme\u2019s Denim Shop website template is here for your denim products.\" \/>\n<meta name=\"robots\" content=\"index, follow, max-snippet:-1, max-image-preview:large, max-video-preview:-1\" \/>\n<link rel=\"canonical\" href=\"https:\/\/theblackmoon.cl\/index.php\/cart-page\/\" \/>\n<meta property=\"og:locale\" content=\"es_ES\" \/>\n<meta property=\"og:type\" content=\"article\" \/>\n<meta property=\"og:title\" content=\"Cart Page\" \/>\n<meta property=\"og:description\" content=\"With a stunning design to showcase goods, Jupiter X WP Theme\u2019s Denim Shop website template is here for your denim products.\" \/>\n<meta property=\"og:url\" content=\"https:\/\/theblackmoon.cl\/index.php\/cart-page\/\" \/>\n<meta property=\"og:site_name\" content=\"Tienda Gotica\" \/>\n<meta name=\"twitter:card\" content=\"summary_large_image\" \/>\n<script type=\"application\/ld+json\" class=\"yoast-schema-graph\">{\"@context\":\"https:\/\/schema.org\",\"@graph\":[{\"@type\":\"WebPage\",\"@id\":\"https:\/\/theblackmoon.cl\/index.php\/cart-page\/\",\"url\":\"https:\/\/theblackmoon.cl\/index.php\/cart-page\/\",\"name\":\"Denim Shop - Jupiter X Templates\",\"isPartOf\":{\"@id\":\"https:\/\/theblackmoon.cl\/#website\"},\"datePublished\":\"2020-09-27T08:59:50+00:00\",\"description\":\"With a stunning design to showcase goods, Jupiter X WP Theme\u2019s Denim Shop website template is here for your denim products.\",\"breadcrumb\":{\"@id\":\"https:\/\/theblackmoon.cl\/index.php\/cart-page\/#breadcrumb\"},\"inLanguage\":\"es\",\"potentialAction\":[{\"@type\":\"ReadAction\",\"target\":[\"https:\/\/theblackmoon.cl\/index.php\/cart-page\/\"]}]},{\"@type\":\"BreadcrumbList\",\"@id\":\"https:\/\/theblackmoon.cl\/index.php\/cart-page\/#breadcrumb\",\"itemListElement\":[{\"@type\":\"ListItem\",\"position\":1,\"name\":\"Portada\",\"item\":\"https:\/\/theblackmoon.cl\/\"},{\"@type\":\"ListItem\",\"position\":2,\"name\":\"Cart Page\"}]},{\"@type\":\"WebSite\",\"@id\":\"https:\/\/theblackmoon.cl\/#website\",\"url\":\"https:\/\/theblackmoon.cl\/\",\"name\":\"Tienda Gotica\",\"description\":\"Tienda g\u00f3tica, calaveras, ropa y accesorios g\u00f3tico\",\"alternateName\":\"Tienda g\u00f3tica, calaveras, ropa y accesorios g\u00f3tico\",\"potentialAction\":[{\"@type\":\"SearchAction\",\"target\":{\"@type\":\"EntryPoint\",\"urlTemplate\":\"https:\/\/theblackmoon.cl\/?s={search_term_string}\"},\"query-input\":{\"@type\":\"PropertyValueSpecification\",\"valueRequired\":true,\"valueName\":\"search_term_string\"}}],\"inLanguage\":\"es\"}]}<\/script>\n<!-- \/ Yoast SEO Premium plugin. -->","yoast_head_json":{"title":"Denim Shop - Jupiter X Templates","description":"With a stunning design to showcase goods, Jupiter X WP Theme\u2019s Denim Shop website template is here for your denim products.","robots":{"index":"index","follow":"follow","max-snippet":"max-snippet:-1","max-image-preview":"max-image-preview:large","max-video-preview":"max-video-preview:-1"},"canonical":"https:\/\/theblackmoon.cl\/index.php\/cart-page\/","og_locale":"es_ES","og_type":"article","og_title":"Cart Page","og_description":"With a stunning design to showcase goods, Jupiter X WP Theme\u2019s Denim Shop website template is here for your denim products.","og_url":"https:\/\/theblackmoon.cl\/index.php\/cart-page\/","og_site_name":"Tienda Gotica","twitter_card":"summary_large_image","schema":{"@context":"https:\/\/schema.org","@graph":[{"@type":"WebPage","@id":"https:\/\/theblackmoon.cl\/index.php\/cart-page\/","url":"https:\/\/theblackmoon.cl\/index.php\/cart-page\/","name":"Denim Shop - Jupiter X Templates","isPartOf":{"@id":"https:\/\/theblackmoon.cl\/#website"},"datePublished":"2020-09-27T08:59:50+00:00","description":"With a stunning design to showcase goods, Jupiter X WP Theme\u2019s Denim Shop website template is here for your denim products.","breadcrumb":{"@id":"https:\/\/theblackmoon.cl\/index.php\/cart-page\/#breadcrumb"},"inLanguage":"es","potentialAction":[{"@type":"ReadAction","target":["https:\/\/theblackmoon.cl\/index.php\/cart-page\/"]}]},{"@type":"BreadcrumbList","@id":"https:\/\/theblackmoon.cl\/index.php\/cart-page\/#breadcrumb","itemListElement":[{"@type":"ListItem","position":1,"name":"Portada","item":"https:\/\/theblackmoon.cl\/"},{"@type":"ListItem","position":2,"name":"Cart Page"}]},{"@type":"WebSite","@id":"https:\/\/theblackmoon.cl\/#website","url":"https:\/\/theblackmoon.cl\/","name":"Tienda Gotica","description":"Tienda g\u00f3tica, calaveras, ropa y accesorios g\u00f3tico","alternateName":"Tienda g\u00f3tica, calaveras, ropa y accesorios g\u00f3tico","potentialAction":[{"@type":"SearchAction","target":{"@type":"EntryPoint","urlTemplate":"https:\/\/theblackmoon.cl\/?s={search_term_string}"},"query-input":{"@type":"PropertyValueSpecification","valueRequired":true,"valueName":"search_term_string"}}],"inLanguage":"es"}]}},"_links":{"self":[{"href":"https:\/\/theblackmoon.cl\/index.php\/wp-json\/wp\/v2\/pages\/145","targetHints":{"allow":["GET"]}}],"collection":[{"href":"https:\/\/theblackmoon.cl\/index.php\/wp-json\/wp\/v2\/pages"}],"about":[{"href":"https:\/\/theblackmoon.cl\/index.php\/wp-json\/wp\/v2\/types\/page"}],"author":[{"embeddable":true,"href":"https:\/\/theblackmoon.cl\/index.php\/wp-json\/wp\/v2\/users\/1"}],"replies":[{"embeddable":true,"href":"https:\/\/theblackmoon.cl\/index.php\/wp-json\/wp\/v2\/comments?post=145"}],"version-history":[{"count":0,"href":"https:\/\/theblackmoon.cl\/index.php\/wp-json\/wp\/v2\/pages\/145\/revisions"}],"wp:attachment":[{"href":"https:\/\/theblackmoon.cl\/index.php\/wp-json\/wp\/v2\/media?parent=145"}],"curies":[{"name":"wp","href":"https:\/\/api.w.org\/{rel}","templated":true}]}}